{"id":2508,"date":"2024-10-11T05:59:48","date_gmt":"2024-10-11T05:59:48","guid":{"rendered":"https:\/\/stefanolunardi.com\/impronta\/"},"modified":"2025-01-14T16:49:39","modified_gmt":"2025-01-14T16:49:39","slug":"impronta","status":"publish","type":"page","link":"https:\/\/stefanolunardi.com\/it\/impronta\/","title":{"rendered":"Impronta"},"content":{"rendered":"<style>.elementor-2508 .elementor-element.elementor-element-7720707{--display:flex;--flex-direction:column;--container-widget-width:100%;--container-widget-height:initial;--container-widget-flex-grow:0;--container-widget-align-self:initial;--flex-wrap-mobile:wrap;--margin-top:50px;--margin-bottom:0px;--margin-left:0px;--margin-right:0px;}.elementor-2508 .elementor-element.elementor-element-3d0f1d3{text-align:center;}.elementor-2508 .elementor-element.elementor-element-3d0f1d3 .elementor-heading-title{font-family:\"bickham-script-pro-3\", Sans-serif;font-size:96px;font-weight:100;text-transform:none;}<\/style><link rel=\"stylesheet\" type=\"text\/css\" href=\"https:\/\/use.typekit.net\/tmq4zwn.css\">\t\t<div data-elementor-type=\"wp-page\" data-elementor-id=\"2508\" class=\"elementor elementor-2508 elementor-740\" data-elementor-post-type=\"page\">\n\t\t\t\t<div class=\"elementor-element elementor-element-7720707 e-flex e-con-boxed e-con e-parent\" data-id=\"7720707\" data-element_type=\"container\">\n\t\t\t\t\t<div class=\"e-con-inner\">\n\t\t\t\t<div class=\"elementor-element elementor-element-3d0f1d3 elementor-widget elementor-widget-heading\" data-id=\"3d0f1d3\" data-element_type=\"widget\" data-widget_type=\"heading.default\">\n\t\t\t\t<div class=\"elementor-widget-container\">\n\t\t\t\t\t<h1 class=\"elementor-heading-title elementor-size-default\">Impronta  <\/h1>\t\t\t\t<\/div>\n\t\t\t\t<\/div>\n\t\t\t\t<div class=\"elementor-element elementor-element-aec9e57 elementor-widget elementor-widget-text-editor\" data-id=\"aec9e57\" data-element_type=\"widget\" data-widget_type=\"text-editor.default\">\n\t\t\t\t<div class=\"elementor-widget-container\">\n\t\t\t\t\t\t\t\t\t<h1 class=\"adsimple-122586876\"><span style=\"text-align: var(--text-align); color: var( --e-global-color-002d076 ); font-family: var( --e-global-typography-text-font-family ), Sans-serif; font-size: var( --e-global-typography-text-font-size ); font-weight: var( --e-global-typography-text-font-weight );\">Informazioni in conformit\u00e0 all&#8217;obbligo di informazione ai sensi del \u00a75 della Legge sul Commercio Elettronico, del \u00a714 del Codice Commerciale Austriaco, del \u00a763 del Codice Industriale e dell&#8217;obbligo di divulgazione ai sensi del \u00a725 della Legge sui Media.<\/span><\/h1>\n<p class=\"adsimple-122586876\">\n<p>Stefano Lunardi Photographer e.U. Stefano Lunardi, Eichenweg 16\/15 Annenheim, 9524 Villach<\/p>\n<p class=\"adsimple-122586876\">\n<p>O<strong>ggetto sociale:<\/strong> Fotografo Numero UID<strong>:<\/strong> ATU50377006<strong>GLN:<\/strong> 9110003242930 GISA<strong>:<\/strong> 29687152<\/p>\n<p class=\"adsimple-122586876\">T<strong>elefono:<\/strong> +43 \/ 6767517274<strong>E-mail:<\/strong> studio.stefanolunardi@gmail.com<\/p>\n<p class=\"adsimple-122586876\"><strong>Membro di:<\/strong><br \/> WKO<strong>Legge<\/strong><strong>professionale:<\/strong> Regolamenti commerciali: www.ris.bka.gv.at<\/p>\n<\/p>\n<p>C<strong>amera competente:<\/strong> Camera di Commercio della Carinzia<strong>Gruppi<\/strong><strong>professionali:<\/strong><\/p>\n<p> LI Fotografi Professionisti<strong>Foro competente:<\/strong> Tribunale distrettuale di Klagenfurt, Austria, obblighi di informazione ai sensi della legge sul commercio elettronico<strong>Scopo dell&#8217;<\/strong><strong>attivit\u00e0:<\/strong> Fotografo professionista (artigianato)<\/p>\n<p class=\"adsimple-122586876\"><strong>Autorit\u00e0 di vigilanza\/autorit\u00e0 commerciale:<\/strong><\/p>\n<p> Comune di Villach<strong>Titolo di<\/strong><strong>lavoro:<\/strong> Fotografo<strong>Stato di assegnazione:<\/strong> Austria<\/p>\n<h2 id=\"eu-streitschlichtung\" class=\"adsimple-122586876\">Risoluzione delle controversie nell&#8217;UE<\/h2>\n<p>In conformit\u00e0 con il Regolamento sulla risoluzione delle controversie online in materia di consumo (Regolamento ODR), desideriamo informarti sulla piattaforma di risoluzione delle controversie online (piattaforma OS). I consumatori hanno la possibilit\u00e0 di presentare reclami alla piattaforma di risoluzione delle controversie online della Commissione Europea all&#8217;indirizzo<a class=\"adsimple-122586876\" href=\"https:\/\/ec.europa.eu\/consumers\/odr\/main\/index.cfm?event=main.home2.show&amp;lng=DE\" target=\"_blank\" rel=\"follow noopener\" aria-describedby=\"a11y-new-window-external-message\">https:\/\/ec.europa.eu\/consumers\/odr\/main\/index.cfm?event=main.home2.show&amp;lng=DE.<\/a> Troverai i dettagli di contatto necessari nella nostra nota legale. <\/p>\n<p>Tuttavia, desideriamo sottolineare che non siamo disposti o obbligati a partecipare a procedure di risoluzione delle controversie davanti a un collegio arbitrale dei consumatori.<\/p>\n<h2 id=\"haftung-fuer-inhalte-dieser-webseite\" class=\"adsimple-122586876\">Responsabilit\u00e0 per il contenuto di questo sito web<\/h2>\n<p>Sviluppiamo costantemente i contenuti di questo sito web e cerchiamo di fornire informazioni corrette e aggiornate. Purtroppo non possiamo assumerci alcuna responsabilit\u00e0 per l&#8217;accuratezza di tutti i contenuti di questo sito web, in particolare per quelli forniti da terze parti. In qualit\u00e0 di fornitore di servizi, non siamo obbligati a monitorare le informazioni trasmesse o memorizzate dall&#8217;utente o a indagare su circostanze che indicano un&#8217;attivit\u00e0 illegale.  <\/p>\n<p>I nostri obblighi di rimuovere le informazioni o di bloccare l&#8217;uso delle informazioni in conformit\u00e0 alle leggi generali a causa di ordini giudiziari o ufficiali rimangono inalterati anche in caso di nostra mancata responsabilit\u00e0.<\/p>\n<p>Se noti un contenuto problematico o illegale, ti preghiamo di contattarci immediatamente in modo da poterlo rimuovere. Troverai i dettagli di contatto nell&#8217;imprinting. <\/p>\n<h2 id=\"haftung-links-webseite\" class=\"adsimple-122586876\">Responsabilit\u00e0 per i link presenti su questo sito<\/h2>\n<p>Il nostro sito web contiene link ad altri siti web per il cui contenuto non siamo responsabili. Non siamo responsabili dei siti web collegati, in quanto non eravamo e non siamo a conoscenza di attivit\u00e0 illegali, non abbiamo notato alcuna attivit\u00e0 illegale e rimuoveremmo immediatamente i link se venissimo a conoscenza di attivit\u00e0 illegali. <\/p>\n<p>Se noti dei link illegali sul nostro sito web, contattaci. Troverai i dettagli di contatto nell&#8217;impronta. <\/p>\n<h2 id=\"urheberrechtshinweis\" class=\"adsimple-122586876\">Avviso di copyright<\/h2>\n<p>Tutti i contenuti di questo sito web (immagini, foto, testi, video) sono soggetti a copyright. Ti invitiamo a consultarci prima di distribuire, riprodurre o utilizzare i contenuti di questo sito web, ad esempio ripubblicandoli su altri siti web. Se necessario, intraprenderemo azioni legali contro l&#8217;uso non autorizzato di parti del contenuto del nostro sito web.  <\/p>\n<p>Se trovi in questo sito contenuti che violano la legge sul copyright, ti preghiamo di contattarci.<\/p>\n<h2 id=\"bildernachweis\" class=\"adsimple-122586876\">Crediti immagine<\/h2>\n<p>Le immagini, le foto e la grafica di questo sito web sono protette da copyright.<\/p>\n<p>I diritti di immagine sono detenuti da:<\/p>\n<p><span style=\"text-align: var(--text-align); color: var( --e-global-color-002d076 ); font-family: var( --e-global-typography-text-font-family ), Sans-serif; font-size: var( --e-global-typography-text-font-size ); font-weight: var( --e-global-typography-text-font-weight );\">Stefano Lunardi<\/span><\/p>\n<p><span style=\"text-align: var(--text-align); color: var( --e-global-color-002d076 ); font-family: var( --e-global-typography-text-font-family ), Sans-serif; font-size: var( --e-global-typography-text-font-size ); font-weight: var( --e-global-typography-text-font-weight );\">Tutti i testi sono protetti da copyright.<\/span><\/p>\n<p>Fonte: Creato con il <a title=\"Generatore di protezione dei dati di AdSimple per l'Austria\" href=\"https:\/\/www.adsimple.at\/datenschutz-generator\/\" aria-describedby=\"a11y-external-message\">generatore di protezione dei dati<\/a> di AdSimple<\/p>\n\t\t\t\t\t\t\t\t<\/div>\n\t\t\t\t<\/div>\n\t\t\t\t\t<\/div>\n\t\t\t\t<\/div>\n\t\t\t\t<\/div>\n\t\t","protected":false},"excerpt":{"rendered":"<p>Impronta Informazioni in conformit\u00e0 all&#8217;obbligo di informazione ai sensi del \u00a75 della Legge sul Commercio Elettronico, del \u00a714 del Codice Commerciale Austriaco, del \u00a763 del Codice Industriale e dell&#8217;obbligo di divulgazione ai sensi del \u00a725 della Legge sui Media. Stefano Lunardi Photographer e.U. Stefano Lunardi, Eichenweg 16\/15 Annenheim, 9524 Villach Oggetto sociale: Fotografo Numero UID: [&hellip;]<\/p>\n","protected":false},"author":1,"featured_media":0,"parent":0,"menu_order":0,"comment_status":"closed","ping_status":"closed","template":"elementor_header_footer","meta":{"footnotes":""},"class_list":["post-2508","page","type-page","status-publish","hentry"],"yoast_head":"<!-- This site is optimized with the Yoast SEO plugin v26.4 - https:\/\/yoast.com\/wordpress\/plugins\/seo\/ -->\n<title>Impronta - Stefano Lunardi Foto<\/title>\n<meta name=\"robots\" content=\"index, follow, max-snippet:-1, max-image-preview:large, max-video-preview:-1\" \/>\n<link rel=\"canonical\" href=\"https:\/\/stefanolunardi.com\/it\/impronta\/\" \/>\n<meta property=\"og:locale\" content=\"it_IT\" \/>\n<meta property=\"og:type\" content=\"article\" \/>\n<meta property=\"og:title\" content=\"Impronta - Stefano Lunardi Foto\" \/>\n<meta property=\"og:description\" content=\"Impronta Informazioni in conformit\u00e0 all&#8217;obbligo di informazione ai sensi del \u00a75 della Legge sul Commercio Elettronico, del \u00a714 del Codice Commerciale Austriaco, del \u00a763 del Codice Industriale e dell&#8217;obbligo di divulgazione ai sensi del \u00a725 della Legge sui Media. Stefano Lunardi Photographer e.U. Stefano Lunardi, Eichenweg 16\/15 Annenheim, 9524 Villach Oggetto sociale: Fotografo Numero UID: [&hellip;]\" \/>\n<meta property=\"og:url\" content=\"https:\/\/stefanolunardi.com\/it\/impronta\/\" \/>\n<meta property=\"og:site_name\" content=\"Stefano Lunardi Foto\" \/>\n<meta property=\"article:publisher\" content=\"https:\/\/www.facebook.com\/stefanolunardiphotographer\/\" \/>\n<meta property=\"article:modified_time\" content=\"2025-01-14T16:49:39+00:00\" \/>\n<meta name=\"twitter:card\" content=\"summary_large_image\" \/>\n<meta name=\"twitter:label1\" content=\"Tempo di lettura stimato\" \/>\n\t<meta name=\"twitter:data1\" content=\"3 minuti\" \/>\n<script type=\"application\/ld+json\" class=\"yoast-schema-graph\">{\"@context\":\"https:\/\/schema.org\",\"@graph\":[{\"@type\":\"WebPage\",\"@id\":\"https:\/\/stefanolunardi.com\/it\/impronta\/\",\"url\":\"https:\/\/stefanolunardi.com\/it\/impronta\/\",\"name\":\"Impronta - Stefano Lunardi Foto\",\"isPartOf\":{\"@id\":\"https:\/\/stefanolunardi.com\/it\/#website\"},\"datePublished\":\"2024-10-11T05:59:48+00:00\",\"dateModified\":\"2025-01-14T16:49:39+00:00\",\"breadcrumb\":{\"@id\":\"https:\/\/stefanolunardi.com\/it\/impronta\/#breadcrumb\"},\"inLanguage\":\"it-IT\",\"potentialAction\":[{\"@type\":\"ReadAction\",\"target\":[\"https:\/\/stefanolunardi.com\/it\/impronta\/\"]}]},{\"@type\":\"BreadcrumbList\",\"@id\":\"https:\/\/stefanolunardi.com\/it\/impronta\/#breadcrumb\",\"itemListElement\":[{\"@type\":\"ListItem\",\"position\":1,\"name\":\"Home\",\"item\":\"https:\/\/stefanolunardi.com\/it\/\"},{\"@type\":\"ListItem\",\"position\":2,\"name\":\"Impronta\"}]},{\"@type\":\"WebSite\",\"@id\":\"https:\/\/stefanolunardi.com\/it\/#website\",\"url\":\"https:\/\/stefanolunardi.com\/it\/\",\"name\":\"Stefano Lunardi \u2013 Fotograf | Hochzeitsfotografie | Portraitfotografie\",\"description\":\"\",\"publisher\":{\"@id\":\"https:\/\/stefanolunardi.com\/it\/#organization\"},\"potentialAction\":[{\"@type\":\"SearchAction\",\"target\":{\"@type\":\"EntryPoint\",\"urlTemplate\":\"https:\/\/stefanolunardi.com\/it\/?s={search_term_string}\"},\"query-input\":{\"@type\":\"PropertyValueSpecification\",\"valueRequired\":true,\"valueName\":\"search_term_string\"}}],\"inLanguage\":\"it-IT\"},{\"@type\":\"Organization\",\"@id\":\"https:\/\/stefanolunardi.com\/it\/#organization\",\"name\":\"stefanolunardi.com\",\"url\":\"https:\/\/stefanolunardi.com\/it\/\",\"logo\":{\"@type\":\"ImageObject\",\"inLanguage\":\"it-IT\",\"@id\":\"https:\/\/stefanolunardi.com\/it\/#\/schema\/logo\/image\/\",\"url\":\"https:\/\/stefanolunardi.com\/wp-content\/uploads\/2024\/10\/LOGO-sw-black-2.png\",\"contentUrl\":\"https:\/\/stefanolunardi.com\/wp-content\/uploads\/2024\/10\/LOGO-sw-black-2.png\",\"width\":512,\"height\":301,\"caption\":\"stefanolunardi.com\"},\"image\":{\"@id\":\"https:\/\/stefanolunardi.com\/it\/#\/schema\/logo\/image\/\"},\"sameAs\":[\"https:\/\/www.facebook.com\/stefanolunardiphotographer\/\",\"https:\/\/www.instagram.com\/stefanolunardiphoto\/\"]}]}<\/script>\n<!-- \/ Yoast SEO plugin. -->","yoast_head_json":{"title":"Impronta - Stefano Lunardi Foto","robots":{"index":"index","follow":"follow","max-snippet":"max-snippet:-1","max-image-preview":"max-image-preview:large","max-video-preview":"max-video-preview:-1"},"canonical":"https:\/\/stefanolunardi.com\/it\/impronta\/","og_locale":"it_IT","og_type":"article","og_title":"Impronta - Stefano Lunardi Foto","og_description":"Impronta Informazioni in conformit\u00e0 all&#8217;obbligo di informazione ai sensi del \u00a75 della Legge sul Commercio Elettronico, del \u00a714 del Codice Commerciale Austriaco, del \u00a763 del Codice Industriale e dell&#8217;obbligo di divulgazione ai sensi del \u00a725 della Legge sui Media. Stefano Lunardi Photographer e.U. Stefano Lunardi, Eichenweg 16\/15 Annenheim, 9524 Villach Oggetto sociale: Fotografo Numero UID: [&hellip;]","og_url":"https:\/\/stefanolunardi.com\/it\/impronta\/","og_site_name":"Stefano Lunardi Foto","article_publisher":"https:\/\/www.facebook.com\/stefanolunardiphotographer\/","article_modified_time":"2025-01-14T16:49:39+00:00","twitter_card":"summary_large_image","twitter_misc":{"Tempo di lettura stimato":"3 minuti"},"schema":{"@context":"https:\/\/schema.org","@graph":[{"@type":"WebPage","@id":"https:\/\/stefanolunardi.com\/it\/impronta\/","url":"https:\/\/stefanolunardi.com\/it\/impronta\/","name":"Impronta - Stefano Lunardi Foto","isPartOf":{"@id":"https:\/\/stefanolunardi.com\/it\/#website"},"datePublished":"2024-10-11T05:59:48+00:00","dateModified":"2025-01-14T16:49:39+00:00","breadcrumb":{"@id":"https:\/\/stefanolunardi.com\/it\/impronta\/#breadcrumb"},"inLanguage":"it-IT","potentialAction":[{"@type":"ReadAction","target":["https:\/\/stefanolunardi.com\/it\/impronta\/"]}]},{"@type":"BreadcrumbList","@id":"https:\/\/stefanolunardi.com\/it\/impronta\/#breadcrumb","itemListElement":[{"@type":"ListItem","position":1,"name":"Home","item":"https:\/\/stefanolunardi.com\/it\/"},{"@type":"ListItem","position":2,"name":"Impronta"}]},{"@type":"WebSite","@id":"https:\/\/stefanolunardi.com\/it\/#website","url":"https:\/\/stefanolunardi.com\/it\/","name":"Stefano Lunardi \u2013 Fotograf | Hochzeitsfotografie | Portraitfotografie","description":"","publisher":{"@id":"https:\/\/stefanolunardi.com\/it\/#organization"},"potentialAction":[{"@type":"SearchAction","target":{"@type":"EntryPoint","urlTemplate":"https:\/\/stefanolunardi.com\/it\/?s={search_term_string}"},"query-input":{"@type":"PropertyValueSpecification","valueRequired":true,"valueName":"search_term_string"}}],"inLanguage":"it-IT"},{"@type":"Organization","@id":"https:\/\/stefanolunardi.com\/it\/#organization","name":"stefanolunardi.com","url":"https:\/\/stefanolunardi.com\/it\/","logo":{"@type":"ImageObject","inLanguage":"it-IT","@id":"https:\/\/stefanolunardi.com\/it\/#\/schema\/logo\/image\/","url":"https:\/\/stefanolunardi.com\/wp-content\/uploads\/2024\/10\/LOGO-sw-black-2.png","contentUrl":"https:\/\/stefanolunardi.com\/wp-content\/uploads\/2024\/10\/LOGO-sw-black-2.png","width":512,"height":301,"caption":"stefanolunardi.com"},"image":{"@id":"https:\/\/stefanolunardi.com\/it\/#\/schema\/logo\/image\/"},"sameAs":["https:\/\/www.facebook.com\/stefanolunardiphotographer\/","https:\/\/www.instagram.com\/stefanolunardiphoto\/"]}]}},"_links":{"self":[{"href":"https:\/\/stefanolunardi.com\/it\/wp-json\/wp\/v2\/pages\/2508","targetHints":{"allow":["GET"]}}],"collection":[{"href":"https:\/\/stefanolunardi.com\/it\/wp-json\/wp\/v2\/pages"}],"about":[{"href":"https:\/\/stefanolunardi.com\/it\/wp-json\/wp\/v2\/types\/page"}],"author":[{"embeddable":true,"href":"https:\/\/stefanolunardi.com\/it\/wp-json\/wp\/v2\/users\/1"}],"replies":[{"embeddable":true,"href":"https:\/\/stefanolunardi.com\/it\/wp-json\/wp\/v2\/comments?post=2508"}],"version-history":[{"count":1,"href":"https:\/\/stefanolunardi.com\/it\/wp-json\/wp\/v2\/pages\/2508\/revisions"}],"predecessor-version":[{"id":2509,"href":"https:\/\/stefanolunardi.com\/it\/wp-json\/wp\/v2\/pages\/2508\/revisions\/2509"}],"wp:attachment":[{"href":"https:\/\/stefanolunardi.com\/it\/wp-json\/wp\/v2\/media?parent=2508"}],"curies":[{"name":"wp","href":"https:\/\/api.w.org\/{rel}","templated":true}]}}