{"id":2565,"date":"2024-10-10T09:51:43","date_gmt":"2024-10-10T09:51:43","guid":{"rendered":"https:\/\/stefanolunardi.com\/italia\/"},"modified":"2025-02-04T20:59:07","modified_gmt":"2025-02-04T20:59:07","slug":"italia","status":"publish","type":"page","link":"https:\/\/stefanolunardi.com\/it\/italia\/","title":{"rendered":"Italia"},"content":{"rendered":"\t\t<div data-elementor-type=\"wp-page\" data-elementor-id=\"2565\" class=\"elementor elementor-2565 elementor-613\" data-elementor-post-type=\"page\">\n\t\t\t\t\t\t<section class=\"elementor-section elementor-top-section elementor-element elementor-element-6956e8a5 elementor-section-boxed elementor-section-height-default elementor-section-height-default\" data-id=\"6956e8a5\" data-element_type=\"section\" data-e-type=\"section\" data-settings=\"{&quot;background_background&quot;:&quot;classic&quot;}\">\n\t\t\t\t\t\t\t<div class=\"elementor-background-overlay\"><\/div>\n\t\t\t\t\t\t\t<div class=\"elementor-container elementor-column-gap-no\">\n\t\t\t\t\t<div class=\"elementor-column elementor-col-100 elementor-top-column elementor-element elementor-element-7313907b\" data-id=\"7313907b\" data-element_type=\"column\" data-e-type=\"column\">\n\t\t\t<div class=\"elementor-widget-wrap elementor-element-populated\">\n\t\t\t\t\t\t<div class=\"elementor-element elementor-element-6ea92dfc elementor-widget elementor-widget-heading\" data-id=\"6ea92dfc\" data-element_type=\"widget\" data-e-type=\"widget\" data-widget_type=\"heading.default\">\n\t\t\t\t<div class=\"elementor-widget-container\">\n\t\t\t\t\t<h1 class=\"elementor-heading-title elementor-size-default\">Fotografo di matrimonio in Italia<\/h1>\t\t\t\t<\/div>\n\t\t\t\t<\/div>\n\t\t\t\t<div class=\"elementor-element elementor-element-2d9a1e14 elementor-widget elementor-widget-text-editor\" data-id=\"2d9a1e14\" data-element_type=\"widget\" data-e-type=\"widget\" data-widget_type=\"text-editor.default\">\n\t\t\t\t<div class=\"elementor-widget-container\">\n\t\t\t\t\t\t\t\t\t<p><strong>Scopri le pi\u00f9 belle location per matrimoni a Venezia, Treviso, Lago di Como<\/strong><\/p>\n\t\t\t\t\t\t\t\t<\/div>\n\t\t\t\t<\/div>\n\t\t\t\t\t<\/div>\n\t\t<\/div>\n\t\t\t\t\t<\/div>\n\t\t<\/section>\n\t\t\t\t<section class=\"elementor-section elementor-top-section elementor-element elementor-element-87106d5 elementor-section-boxed elementor-section-height-default elementor-section-height-default\" data-id=\"87106d5\" data-element_type=\"section\" data-e-type=\"section\" data-settings=\"{&quot;background_background&quot;:&quot;classic&quot;,&quot;animation&quot;:&quot;none&quot;}\">\n\t\t\t\t\t\t<div class=\"elementor-container elementor-column-gap-no\">\n\t\t\t\t\t<div class=\"elementor-column elementor-col-100 elementor-top-column elementor-element elementor-element-6156d221 animated-slow elementor-invisible\" data-id=\"6156d221\" data-element_type=\"column\" data-e-type=\"column\" data-settings=\"{&quot;animation&quot;:&quot;fadeInDown&quot;,&quot;animation_delay&quot;:20}\">\n\t\t\t<div class=\"elementor-widget-wrap elementor-element-populated\">\n\t\t\t\t\t\t<section class=\"elementor-section elementor-inner-section elementor-element elementor-element-7363aa64 elementor-section-boxed elementor-section-height-default elementor-section-height-default\" data-id=\"7363aa64\" data-element_type=\"section\" data-e-type=\"section\" data-settings=\"{&quot;animation&quot;:&quot;none&quot;}\">\n\t\t\t\t\t\t<div class=\"elementor-container elementor-column-gap-no\">\n\t\t\t\t\t<div class=\"elementor-column elementor-col-50 elementor-inner-column elementor-element elementor-element-3982ac47\" data-id=\"3982ac47\" data-element_type=\"column\" data-e-type=\"column\">\n\t\t\t<div class=\"elementor-widget-wrap elementor-element-populated\">\n\t\t\t\t\t\t<div class=\"elementor-element elementor-element-5f322f99 elementor-widget elementor-widget-jkit_team\" data-id=\"5f322f99\" data-element_type=\"widget\" data-e-type=\"widget\" data-settings=\"{&quot;_animation&quot;:&quot;none&quot;}\" data-widget_type=\"jkit_team.default\">\n\t\t\t\t<div class=\"elementor-widget-container\">\n\t\t\t\t\t<div  class=\"jeg-elementor-kit jkit-team style-title-horizontal  jeg_module___69fcd5ca6c588\" ><div class=\"profile-card\"><img fetchpriority=\"high\" decoding=\"async\" width=\"2000\" height=\"1333\" src=\"https:\/\/stefanolunardi.com\/wp-content\/uploads\/2024\/10\/groom-and-bride-holding-hands-together-symbol-of-love-and-commitment.jpg\" class=\"attachment-full size-full\" alt=\"\" url=\"https:\/\/stefanolunardi.com\/wp-content\/uploads\/2024\/10\/groom-and-bride-holding-hands-together-symbol-of-love-and-commitment.jpg\" source=\"library\" srcset=\"https:\/\/stefanolunardi.com\/wp-content\/uploads\/2024\/10\/groom-and-bride-holding-hands-together-symbol-of-love-and-commitment.jpg 2000w, https:\/\/stefanolunardi.com\/wp-content\/uploads\/2024\/10\/groom-and-bride-holding-hands-together-symbol-of-love-and-commitment-300x200.jpg 300w, https:\/\/stefanolunardi.com\/wp-content\/uploads\/2024\/10\/groom-and-bride-holding-hands-together-symbol-of-love-and-commitment-1024x682.jpg 1024w, https:\/\/stefanolunardi.com\/wp-content\/uploads\/2024\/10\/groom-and-bride-holding-hands-together-symbol-of-love-and-commitment-768x512.jpg 768w, https:\/\/stefanolunardi.com\/wp-content\/uploads\/2024\/10\/groom-and-bride-holding-hands-together-symbol-of-love-and-commitment-1536x1024.jpg 1536w\" sizes=\"(max-width: 2000px) 100vw, 2000px\" \/><div class=\"profile-body\">\n                <div class=\"title-wrapper\">\n\t\t\t\t\t<p class=\"profile-designation \"><\/p>\n\t\t\t\t\t\n\t\t\t\t<\/div>\n\t\t\t\t<div class=\"name-wrapper\">\n\t\t\t\t\t<h2 class=\"profile-title\"><\/h2>\n\t\t\t\t\t<ul class=\"social-list\"><li class=\"social-icon elementor-repeater-item-f536c45\"><a href=\"https:\/\/facebook.com\" aria-label=\"social-icon\"><svg viewBox=\"0 0 320 512\" xmlns=\"http:\/\/www.w3.org\/2000\/svg\"><path d=\"M279.14 288l14.22-92.66h-88.91v-60.13c0-25.35 12.42-50.06 52.24-50.06h40.42V6.26S260.43 0 225.36 0c-73.22 0-121.08 44.38-121.08 124.72v70.62H22.89V288h81.39v224h100.17V288z\"><\/path><\/svg><\/a><\/li><li class=\"social-icon elementor-repeater-item-cb7f3b5\"><a href=\"https:\/\/twitter.com\" aria-label=\"social-icon\"><svg viewBox=\"0 0 512 512\" xmlns=\"http:\/\/www.w3.org\/2000\/svg\"><path d=\"M459.37 151.716c.325 4.548.325 9.097.325 13.645 0 138.72-105.583 298.558-298.558 298.558-59.452 0-114.68-17.219-161.137-47.106 8.447.974 16.568 1.299 25.34 1.299 49.055 0 94.213-16.568 130.274-44.832-46.132-.975-84.792-31.188-98.112-72.772 6.498.974 12.995 1.624 19.818 1.624 9.421 0 18.843-1.3 27.614-3.573-48.081-9.747-84.143-51.98-84.143-102.985v-1.299c13.969 7.797 30.214 12.67 47.431 13.319-28.264-18.843-46.781-51.005-46.781-87.391 0-19.492 5.197-37.36 14.294-52.954 51.655 63.675 129.3 105.258 216.365 109.807-1.624-7.797-2.599-15.918-2.599-24.04 0-57.828 46.782-104.934 104.934-104.934 30.213 0 57.502 12.67 76.67 33.137 23.715-4.548 46.456-13.32 66.599-25.34-7.798 24.366-24.366 44.833-46.132 57.827 21.117-2.273 41.584-8.122 60.426-16.243-14.292 20.791-32.161 39.308-52.628 54.253z\"><\/path><\/svg><\/a><\/li><li class=\"social-icon elementor-repeater-item-25fa203\"><a href=\"https:\/\/pinterest.com\" aria-label=\"social-icon\"><svg viewBox=\"0 0 384 512\" xmlns=\"http:\/\/www.w3.org\/2000\/svg\"><path d=\"M204 6.5C101.4 6.5 0 74.9 0 185.6 0 256 39.6 296 63.6 296c9.9 0 15.6-27.6 15.6-35.4 0-9.3-23.7-29.1-23.7-67.8 0-80.4 61.2-137.4 140.4-137.4 68.1 0 118.5 38.7 118.5 109.8 0 53.1-21.3 152.7-90.3 152.7-24.9 0-46.2-18-46.2-43.8 0-37.8 26.4-74.4 26.4-113.4 0-66.2-93.9-54.2-93.9 25.8 0 16.8 2.1 35.4 9.6 50.7-13.8 59.4-42 147.9-42 209.1 0 18.9 2.7 37.5 4.5 56.4 3.4 3.8 1.7 3.4 6.9 1.5 50.4-69 48.6-82.5 71.4-172.8 12.3 23.4 44.1 36 69.3 36 106.2 0 153.9-103.5 153.9-196.8C384 71.3 298.2 6.5 204 6.5z\"><\/path><\/svg><\/a><\/li><\/ul>\n\t\t\t\t<\/div>\n            <\/div><\/div><\/div>\t\t\t\t<\/div>\n\t\t\t\t<\/div>\n\t\t\t\t\t<\/div>\n\t\t<\/div>\n\t\t\t\t<div class=\"elementor-column elementor-col-50 elementor-inner-column elementor-element elementor-element-6371f8\" data-id=\"6371f8\" data-element_type=\"column\" data-e-type=\"column\">\n\t\t\t<div class=\"elementor-widget-wrap elementor-element-populated\">\n\t\t\t\t\t\t<div class=\"elementor-element elementor-element-c3f60d4 elementor-widget elementor-widget-heading\" data-id=\"c3f60d4\" data-element_type=\"widget\" data-e-type=\"widget\" data-widget_type=\"heading.default\">\n\t\t\t\t<div class=\"elementor-widget-container\">\n\t\t\t\t\t<h2 class=\"elementor-heading-title elementor-size-default\">Il tuo matrimonio da sogno in Italia: lasciati ispirare!\n<\/h2>\t\t\t\t<\/div>\n\t\t\t\t<\/div>\n\t\t\t\t<div class=\"elementor-element elementor-element-b22c923 elementor-widget elementor-widget-text-editor\" data-id=\"b22c923\" data-element_type=\"widget\" data-e-type=\"widget\" data-widget_type=\"text-editor.default\">\n\t\t\t\t<div class=\"elementor-widget-container\">\n\t\t\t\t\t\t\t\t\t<p>Sogni un matrimonio in Italia? Nel Bel Paese troverai l&#8217;eleganza e l&#8217;inconfondibile stile italiano, la storia e il fascino architettonico, l&#8217;atmosfera romantica di citt\u00e0 come Firenze e Roma o Venezia: in Italia troverai la cornice perfetta per il tuo grande giorno, sul Lago di Como o sul Lago di Garda o sulle colline toscane. In questo articolo ti accompagniamo in un viaggio attraverso le pi\u00f9 belle location per matrimoni di queste tre citt\u00e0 e ti diamo preziosi consigli per l&#8217;organizzazione del tuo matrimonio.<\/p>\t\t\t\t\t\t\t\t<\/div>\n\t\t\t\t<\/div>\n\t\t\t\t<div class=\"elementor-element elementor-element-75c98bc2 elementor-widget elementor-widget-image\" data-id=\"75c98bc2\" data-element_type=\"widget\" data-e-type=\"widget\" data-widget_type=\"image.default\">\n\t\t\t\t<div class=\"elementor-widget-container\">\n\t\t\t\t\t\t\t\t\t\t\t\t\t\t\t<img decoding=\"async\" width=\"512\" height=\"301\" src=\"https:\/\/stefanolunardi.com\/wp-content\/uploads\/2024\/10\/stefano_logo.png\" class=\"attachment-full size-full wp-image-1992\" alt=\"\" srcset=\"https:\/\/stefanolunardi.com\/wp-content\/uploads\/2024\/10\/stefano_logo.png 512w, https:\/\/stefanolunardi.com\/wp-content\/uploads\/2024\/10\/stefano_logo-300x176.png 300w\" sizes=\"(max-width: 512px) 100vw, 512px\" \/>\t\t\t\t\t\t\t\t\t\t\t\t\t\t\t<\/div>\n\t\t\t\t<\/div>\n\t\t\t\t\t<\/div>\n\t\t<\/div>\n\t\t\t\t\t<\/div>\n\t\t<\/section>\n\t\t\t\t\t<\/div>\n\t\t<\/div>\n\t\t\t\t\t<\/div>\n\t\t<\/section>\n\t\t<div class=\"elementor-element elementor-element-48cc851 e-flex e-con-boxed e-con e-parent\" data-id=\"48cc851\" data-element_type=\"container\" data-e-type=\"container\">\n\t\t\t\t\t<div class=\"e-con-inner\">\n\t\t<div class=\"elementor-element elementor-element-a3fef04 e-con-full e-flex e-con e-child\" data-id=\"a3fef04\" data-element_type=\"container\" data-e-type=\"container\">\n\t\t\t\t<div class=\"elementor-element elementor-element-c836e74 elementor-cta--skin-classic elementor-animated-content elementor-bg-transform elementor-bg-transform-zoom-in elementor-widget elementor-widget-call-to-action\" data-id=\"c836e74\" data-element_type=\"widget\" data-e-type=\"widget\" data-widget_type=\"call-to-action.default\">\n\t\t\t\t<div class=\"elementor-widget-container\">\n\t\t\t\t\t\t\t<div class=\"elementor-cta\">\n\t\t\t\t\t<div class=\"elementor-cta__bg-wrapper\">\n\t\t\t\t<div class=\"elementor-cta__bg elementor-bg\" style=\"background-image: url(https:\/\/stefanolunardi.com\/wp-content\/uploads\/2024\/10\/venetian-canal-italy-2023-11-27-05-35-11-utc.webp);\" role=\"img\" aria-label=\"venetian-canal-italy-2023-11-27-05-35-11-utc\"><\/div>\n\t\t\t\t<div class=\"elementor-cta__bg-overlay\"><\/div>\n\t\t\t<\/div>\n\t\t\t\t\t\t\t<div class=\"elementor-cta__content\">\n\t\t\t\t\n\t\t\t\t\t\t\t\t\t<h2 class=\"elementor-cta__title elementor-cta__content-item elementor-content-item\">\n\t\t\t\t\t\tVenezia\t\t\t\t\t<\/h2>\n\t\t\t\t\n\t\t\t\t\t\t\t\t\t<div class=\"elementor-cta__description elementor-cta__content-item elementor-content-item\">\n\t\t\t\t\t\t<p>La citt\u00e0 pi\u00f9 famosa del mondo! Copiata in mille modi, dove potrai trascorrere i momenti pi\u00f9 romantici della tua vita... <\/p>\n\t\t\t\t\t<\/div>\n\t\t\t\t\n\t\t\t\t\t\t\t\t\t<div class=\"elementor-cta__button-wrapper elementor-cta__content-item elementor-content-item \">\n\t\t\t\t\t<a class=\"elementor-cta__button elementor-button elementor-size-\" href=\"https:\/\/stefanolunardi.com\/venice\/\">\n\t\t\t\t\t\tLeggi tutto\t\t\t\t\t<\/a>\n\t\t\t\t\t<\/div>\n\t\t\t\t\t\t\t<\/div>\n\t\t\t\t\t\t<\/div>\n\t\t\t\t\t\t<\/div>\n\t\t\t\t<\/div>\n\t\t\t\t<div class=\"elementor-element elementor-element-654edc1 elementor-cta--skin-classic elementor-animated-content elementor-bg-transform elementor-bg-transform-zoom-in elementor-widget elementor-widget-call-to-action\" data-id=\"654edc1\" data-element_type=\"widget\" data-e-type=\"widget\" data-widget_type=\"call-to-action.default\">\n\t\t\t\t<div class=\"elementor-widget-container\">\n\t\t\t\t\t\t\t<div class=\"elementor-cta\">\n\t\t\t\t\t<div class=\"elementor-cta__bg-wrapper\">\n\t\t\t\t<div class=\"elementor-cta__bg elementor-bg\" style=\"background-image: url(https:\/\/stefanolunardi.com\/wp-content\/uploads\/2024\/10\/buranelli-treviso-italy-2023-11-27-04-51-05-utc.webp);\" role=\"img\" aria-label=\"buranelli-treviso-italy-2023-11-27-04-51-05-utc\"><\/div>\n\t\t\t\t<div class=\"elementor-cta__bg-overlay\"><\/div>\n\t\t\t<\/div>\n\t\t\t\t\t\t\t<div class=\"elementor-cta__content\">\n\t\t\t\t\n\t\t\t\t\t\t\t\t\t<h2 class=\"elementor-cta__title elementor-cta__content-item elementor-content-item\">\n\t\t\t\t\t\tTreviso\t\t\t\t\t<\/h2>\n\t\t\t\t\n\t\t\t\t\t\t\t\t\t<div class=\"elementor-cta__description elementor-cta__content-item elementor-content-item\">\n\t\t\t\t\t\t<p>Una citt\u00e0 vivace, un bellissimo centro storico ricco di opportunit\u00e0 fotografiche e di luoghi dove fare festa<\/p>\n\t\t\t\t\t<\/div>\n\t\t\t\t\n\t\t\t\t\t\t\t\t\t<div class=\"elementor-cta__button-wrapper elementor-cta__content-item elementor-content-item \">\n\t\t\t\t\t<a class=\"elementor-cta__button elementor-button elementor-size-\" href=\"https:\/\/stefanolunardi.com\/treviso\/\">\n\t\t\t\t\t\tLeggi tutto\t\t\t\t\t<\/a>\n\t\t\t\t\t<\/div>\n\t\t\t\t\t\t\t<\/div>\n\t\t\t\t\t\t<\/div>\n\t\t\t\t\t\t<\/div>\n\t\t\t\t<\/div>\n\t\t\t\t<div class=\"elementor-element elementor-element-405585d elementor-cta--skin-classic elementor-animated-content elementor-bg-transform elementor-bg-transform-zoom-in elementor-widget elementor-widget-call-to-action\" data-id=\"405585d\" data-element_type=\"widget\" data-e-type=\"widget\" data-widget_type=\"call-to-action.default\">\n\t\t\t\t<div class=\"elementor-widget-container\">\n\t\t\t\t\t\t\t<div class=\"elementor-cta\">\n\t\t\t\t\t<div class=\"elementor-cta__bg-wrapper\">\n\t\t\t\t<div class=\"elementor-cta__bg elementor-bg\" style=\"background-image: url(https:\/\/stefanolunardi.com\/wp-content\/uploads\/2024\/10\/village-of-varenna-on-lake-como-at-sunset-with-ill-2023-11-27-05-07-05-utc.webp);\" role=\"img\" aria-label=\"village-of-varenna-on-lake-como-at-sunset-with-ill-2023-11-27-05-07-05-utc\"><\/div>\n\t\t\t\t<div class=\"elementor-cta__bg-overlay\"><\/div>\n\t\t\t<\/div>\n\t\t\t\t\t\t\t<div class=\"elementor-cta__content\">\n\t\t\t\t\n\t\t\t\t\t\t\t\t\t<h2 class=\"elementor-cta__title elementor-cta__content-item elementor-content-item\">\n\t\t\t\t\t\tLago di Como\t\t\t\t\t<\/h2>\n\t\t\t\t\n\t\t\t\t\t\t\t\t\t<div class=\"elementor-cta__description elementor-cta__content-item elementor-content-item\">\n\t\t\t\t\t\t<p>Un matrimonio sul Lago di Como, il luogo pi\u00f9 cool e alla moda d'Italia! Se sei un appassionato di moda con il giusto budget ... <\/p>\n\t\t\t\t\t<\/div>\n\t\t\t\t\n\t\t\t\t\t\t\t\t\t<div class=\"elementor-cta__button-wrapper elementor-cta__content-item elementor-content-item \">\n\t\t\t\t\t<a class=\"elementor-cta__button elementor-button elementor-size-\" href=\"https:\/\/stefanolunardi.com\/lake-como\/\">\n\t\t\t\t\t\tLeggi tutto\t\t\t\t\t<\/a>\n\t\t\t\t\t<\/div>\n\t\t\t\t\t\t\t<\/div>\n\t\t\t\t\t\t<\/div>\n\t\t\t\t\t\t<\/div>\n\t\t\t\t<\/div>\n\t\t\t\t<\/div>\n\t\t\t\t\t<\/div>\n\t\t\t\t<\/div>\n\t\t\t\t<section class=\"elementor-section elementor-top-section elementor-element elementor-element-18793a3 elementor-section-boxed elementor-section-height-default elementor-section-height-default\" data-id=\"18793a3\" data-element_type=\"section\" data-e-type=\"section\" data-settings=\"{&quot;background_background&quot;:&quot;classic&quot;,&quot;animation&quot;:&quot;none&quot;}\">\n\t\t\t\t\t\t<div class=\"elementor-container elementor-column-gap-no\">\n\t\t\t\t\t<div class=\"elementor-column elementor-col-100 elementor-top-column elementor-element elementor-element-6e685e6 animated-slow elementor-invisible\" data-id=\"6e685e6\" data-element_type=\"column\" data-e-type=\"column\" data-settings=\"{&quot;animation&quot;:&quot;fadeInDown&quot;,&quot;animation_delay&quot;:20}\">\n\t\t\t<div class=\"elementor-widget-wrap\">\n\t\t\t\t\t\t\t<\/div>\n\t\t<\/div>\n\t\t\t\t\t<\/div>\n\t\t<\/section>\n\t\t\t\t<\/div>\n\t\t","protected":false},"excerpt":{"rendered":"<p>Fotografo di matrimonio in Italia Scopri le pi\u00f9 belle location per matrimoni a Venezia, Treviso, Lago di Como Il tuo matrimonio da sogno in Italia: lasciati ispirare! Sogni un matrimonio in Italia? Nel Bel Paese troverai l&#8217;eleganza e l&#8217;inconfondibile stile italiano, la storia e il fascino architettonico, l&#8217;atmosfera romantica di citt\u00e0 come Firenze e Roma [&hellip;]<\/p>\n","protected":false},"author":1,"featured_media":0,"parent":0,"menu_order":0,"comment_status":"closed","ping_status":"closed","template":"elementor_header_footer","meta":{"footnotes":""},"class_list":["post-2565","page","type-page","status-publish","hentry"],"yoast_head":"<!-- This site is optimized with the Yoast SEO plugin v26.4 - https:\/\/yoast.com\/wordpress\/plugins\/seo\/ -->\n<title>Italia - Stefano Lunardi Foto<\/title>\n<meta name=\"robots\" content=\"index, follow, max-snippet:-1, max-image-preview:large, max-video-preview:-1\" \/>\n<link rel=\"canonical\" href=\"https:\/\/stefanolunardi.com\/it\/italia\/\" \/>\n<meta property=\"og:locale\" content=\"it_IT\" \/>\n<meta property=\"og:type\" content=\"article\" \/>\n<meta property=\"og:title\" content=\"Italia - Stefano Lunardi Foto\" \/>\n<meta property=\"og:description\" content=\"Fotografo di matrimonio in Italia Scopri le pi\u00f9 belle location per matrimoni a Venezia, Treviso, Lago di Como Il tuo matrimonio da sogno in Italia: lasciati ispirare! Sogni un matrimonio in Italia? Nel Bel Paese troverai l&#8217;eleganza e l&#8217;inconfondibile stile italiano, la storia e il fascino architettonico, l&#8217;atmosfera romantica di citt\u00e0 come Firenze e Roma [&hellip;]\" \/>\n<meta property=\"og:url\" content=\"https:\/\/stefanolunardi.com\/it\/italia\/\" \/>\n<meta property=\"og:site_name\" content=\"Stefano Lunardi Foto\" \/>\n<meta property=\"article:publisher\" content=\"https:\/\/www.facebook.com\/stefanolunardiphotographer\/\" \/>\n<meta property=\"article:modified_time\" content=\"2025-02-04T20:59:07+00:00\" \/>\n<meta property=\"og:image\" content=\"https:\/\/stefanolunardi.com\/wp-content\/uploads\/2024\/10\/groom-and-bride-holding-hands-together-symbol-of-love-and-commitment.jpg\" \/>\n<meta name=\"twitter:card\" content=\"summary_large_image\" \/>\n<meta name=\"twitter:label1\" content=\"Tempo di lettura stimato\" \/>\n\t<meta name=\"twitter:data1\" content=\"2 minuti\" \/>\n<script type=\"application\/ld+json\" class=\"yoast-schema-graph\">{\"@context\":\"https:\/\/schema.org\",\"@graph\":[{\"@type\":\"WebPage\",\"@id\":\"https:\/\/stefanolunardi.com\/it\/italia\/\",\"url\":\"https:\/\/stefanolunardi.com\/it\/italia\/\",\"name\":\"Italia - Stefano Lunardi Foto\",\"isPartOf\":{\"@id\":\"https:\/\/stefanolunardi.com\/it\/#website\"},\"primaryImageOfPage\":{\"@id\":\"https:\/\/stefanolunardi.com\/it\/italia\/#primaryimage\"},\"image\":{\"@id\":\"https:\/\/stefanolunardi.com\/it\/italia\/#primaryimage\"},\"thumbnailUrl\":\"https:\/\/stefanolunardi.com\/wp-content\/uploads\/2024\/10\/groom-and-bride-holding-hands-together-symbol-of-love-and-commitment.jpg\",\"datePublished\":\"2024-10-10T09:51:43+00:00\",\"dateModified\":\"2025-02-04T20:59:07+00:00\",\"breadcrumb\":{\"@id\":\"https:\/\/stefanolunardi.com\/it\/italia\/#breadcrumb\"},\"inLanguage\":\"it-IT\",\"potentialAction\":[{\"@type\":\"ReadAction\",\"target\":[\"https:\/\/stefanolunardi.com\/it\/italia\/\"]}]},{\"@type\":\"ImageObject\",\"inLanguage\":\"it-IT\",\"@id\":\"https:\/\/stefanolunardi.com\/it\/italia\/#primaryimage\",\"url\":\"https:\/\/stefanolunardi.com\/wp-content\/uploads\/2024\/10\/groom-and-bride-holding-hands-together-symbol-of-love-and-commitment.jpg\",\"contentUrl\":\"https:\/\/stefanolunardi.com\/wp-content\/uploads\/2024\/10\/groom-and-bride-holding-hands-together-symbol-of-love-and-commitment.jpg\"},{\"@type\":\"BreadcrumbList\",\"@id\":\"https:\/\/stefanolunardi.com\/it\/italia\/#breadcrumb\",\"itemListElement\":[{\"@type\":\"ListItem\",\"position\":1,\"name\":\"Home\",\"item\":\"https:\/\/stefanolunardi.com\/it\/\"},{\"@type\":\"ListItem\",\"position\":2,\"name\":\"Italia\"}]},{\"@type\":\"WebSite\",\"@id\":\"https:\/\/stefanolunardi.com\/it\/#website\",\"url\":\"https:\/\/stefanolunardi.com\/it\/\",\"name\":\"Stefano Lunardi \u2013 Fotograf | Hochzeitsfotografie | Portraitfotografie\",\"description\":\"\",\"publisher\":{\"@id\":\"https:\/\/stefanolunardi.com\/it\/#organization\"},\"potentialAction\":[{\"@type\":\"SearchAction\",\"target\":{\"@type\":\"EntryPoint\",\"urlTemplate\":\"https:\/\/stefanolunardi.com\/it\/?s={search_term_string}\"},\"query-input\":{\"@type\":\"PropertyValueSpecification\",\"valueRequired\":true,\"valueName\":\"search_term_string\"}}],\"inLanguage\":\"it-IT\"},{\"@type\":\"Organization\",\"@id\":\"https:\/\/stefanolunardi.com\/it\/#organization\",\"name\":\"stefanolunardi.com\",\"url\":\"https:\/\/stefanolunardi.com\/it\/\",\"logo\":{\"@type\":\"ImageObject\",\"inLanguage\":\"it-IT\",\"@id\":\"https:\/\/stefanolunardi.com\/it\/#\/schema\/logo\/image\/\",\"url\":\"https:\/\/stefanolunardi.com\/wp-content\/uploads\/2024\/10\/LOGO-sw-black-2.png\",\"contentUrl\":\"https:\/\/stefanolunardi.com\/wp-content\/uploads\/2024\/10\/LOGO-sw-black-2.png\",\"width\":512,\"height\":301,\"caption\":\"stefanolunardi.com\"},\"image\":{\"@id\":\"https:\/\/stefanolunardi.com\/it\/#\/schema\/logo\/image\/\"},\"sameAs\":[\"https:\/\/www.facebook.com\/stefanolunardiphotographer\/\",\"https:\/\/www.instagram.com\/stefanolunardiphoto\/\"]}]}<\/script>\n<!-- \/ Yoast SEO plugin. -->","yoast_head_json":{"title":"Italia - Stefano Lunardi Foto","robots":{"index":"index","follow":"follow","max-snippet":"max-snippet:-1","max-image-preview":"max-image-preview:large","max-video-preview":"max-video-preview:-1"},"canonical":"https:\/\/stefanolunardi.com\/it\/italia\/","og_locale":"it_IT","og_type":"article","og_title":"Italia - Stefano Lunardi Foto","og_description":"Fotografo di matrimonio in Italia Scopri le pi\u00f9 belle location per matrimoni a Venezia, Treviso, Lago di Como Il tuo matrimonio da sogno in Italia: lasciati ispirare! Sogni un matrimonio in Italia? Nel Bel Paese troverai l&#8217;eleganza e l&#8217;inconfondibile stile italiano, la storia e il fascino architettonico, l&#8217;atmosfera romantica di citt\u00e0 come Firenze e Roma [&hellip;]","og_url":"https:\/\/stefanolunardi.com\/it\/italia\/","og_site_name":"Stefano Lunardi Foto","article_publisher":"https:\/\/www.facebook.com\/stefanolunardiphotographer\/","article_modified_time":"2025-02-04T20:59:07+00:00","og_image":[{"url":"https:\/\/stefanolunardi.com\/wp-content\/uploads\/2024\/10\/groom-and-bride-holding-hands-together-symbol-of-love-and-commitment.jpg","type":"","width":"","height":""}],"twitter_card":"summary_large_image","twitter_misc":{"Tempo di lettura stimato":"2 minuti"},"schema":{"@context":"https:\/\/schema.org","@graph":[{"@type":"WebPage","@id":"https:\/\/stefanolunardi.com\/it\/italia\/","url":"https:\/\/stefanolunardi.com\/it\/italia\/","name":"Italia - Stefano Lunardi Foto","isPartOf":{"@id":"https:\/\/stefanolunardi.com\/it\/#website"},"primaryImageOfPage":{"@id":"https:\/\/stefanolunardi.com\/it\/italia\/#primaryimage"},"image":{"@id":"https:\/\/stefanolunardi.com\/it\/italia\/#primaryimage"},"thumbnailUrl":"https:\/\/stefanolunardi.com\/wp-content\/uploads\/2024\/10\/groom-and-bride-holding-hands-together-symbol-of-love-and-commitment.jpg","datePublished":"2024-10-10T09:51:43+00:00","dateModified":"2025-02-04T20:59:07+00:00","breadcrumb":{"@id":"https:\/\/stefanolunardi.com\/it\/italia\/#breadcrumb"},"inLanguage":"it-IT","potentialAction":[{"@type":"ReadAction","target":["https:\/\/stefanolunardi.com\/it\/italia\/"]}]},{"@type":"ImageObject","inLanguage":"it-IT","@id":"https:\/\/stefanolunardi.com\/it\/italia\/#primaryimage","url":"https:\/\/stefanolunardi.com\/wp-content\/uploads\/2024\/10\/groom-and-bride-holding-hands-together-symbol-of-love-and-commitment.jpg","contentUrl":"https:\/\/stefanolunardi.com\/wp-content\/uploads\/2024\/10\/groom-and-bride-holding-hands-together-symbol-of-love-and-commitment.jpg"},{"@type":"BreadcrumbList","@id":"https:\/\/stefanolunardi.com\/it\/italia\/#breadcrumb","itemListElement":[{"@type":"ListItem","position":1,"name":"Home","item":"https:\/\/stefanolunardi.com\/it\/"},{"@type":"ListItem","position":2,"name":"Italia"}]},{"@type":"WebSite","@id":"https:\/\/stefanolunardi.com\/it\/#website","url":"https:\/\/stefanolunardi.com\/it\/","name":"Stefano Lunardi \u2013 Fotograf | Hochzeitsfotografie | Portraitfotografie","description":"","publisher":{"@id":"https:\/\/stefanolunardi.com\/it\/#organization"},"potentialAction":[{"@type":"SearchAction","target":{"@type":"EntryPoint","urlTemplate":"https:\/\/stefanolunardi.com\/it\/?s={search_term_string}"},"query-input":{"@type":"PropertyValueSpecification","valueRequired":true,"valueName":"search_term_string"}}],"inLanguage":"it-IT"},{"@type":"Organization","@id":"https:\/\/stefanolunardi.com\/it\/#organization","name":"stefanolunardi.com","url":"https:\/\/stefanolunardi.com\/it\/","logo":{"@type":"ImageObject","inLanguage":"it-IT","@id":"https:\/\/stefanolunardi.com\/it\/#\/schema\/logo\/image\/","url":"https:\/\/stefanolunardi.com\/wp-content\/uploads\/2024\/10\/LOGO-sw-black-2.png","contentUrl":"https:\/\/stefanolunardi.com\/wp-content\/uploads\/2024\/10\/LOGO-sw-black-2.png","width":512,"height":301,"caption":"stefanolunardi.com"},"image":{"@id":"https:\/\/stefanolunardi.com\/it\/#\/schema\/logo\/image\/"},"sameAs":["https:\/\/www.facebook.com\/stefanolunardiphotographer\/","https:\/\/www.instagram.com\/stefanolunardiphoto\/"]}]}},"_links":{"self":[{"href":"https:\/\/stefanolunardi.com\/it\/wp-json\/wp\/v2\/pages\/2565","targetHints":{"allow":["GET"]}}],"collection":[{"href":"https:\/\/stefanolunardi.com\/it\/wp-json\/wp\/v2\/pages"}],"about":[{"href":"https:\/\/stefanolunardi.com\/it\/wp-json\/wp\/v2\/types\/page"}],"author":[{"embeddable":true,"href":"https:\/\/stefanolunardi.com\/it\/wp-json\/wp\/v2\/users\/1"}],"replies":[{"embeddable":true,"href":"https:\/\/stefanolunardi.com\/it\/wp-json\/wp\/v2\/comments?post=2565"}],"version-history":[{"count":6,"href":"https:\/\/stefanolunardi.com\/it\/wp-json\/wp\/v2\/pages\/2565\/revisions"}],"predecessor-version":[{"id":2871,"href":"https:\/\/stefanolunardi.com\/it\/wp-json\/wp\/v2\/pages\/2565\/revisions\/2871"}],"wp:attachment":[{"href":"https:\/\/stefanolunardi.com\/it\/wp-json\/wp\/v2\/media?parent=2565"}],"curies":[{"name":"wp","href":"https:\/\/api.w.org\/{rel}","templated":true}]}}